{"id":268,"date":"2022-07-25T11:38:50","date_gmt":"2022-07-25T11:38:50","guid":{"rendered":"https:\/\/empaziz.com\/?page_id=268"},"modified":"2022-11-19T18:49:13","modified_gmt":"2022-11-19T18:49:13","slug":"blog","status":"publish","type":"page","link":"https:\/\/empaziz.com\/nb\/blog\/","title":{"rendered":"Artikler"},"content":{"rendered":"<div data-elementor-type=\"wp-page\" data-elementor-id=\"268\" class=\"elementor elementor-268\">\n\t\t\t\t\t\t<section class=\"elementor-section elementor-top-section elementor-element elementor-element-18dd3d4 elementor-section-boxed elementor-section-height-default elementor-section-height-default\" data-id=\"18dd3d4\" data-element_type=\"section\" data-e-type=\"section\">\n\t\t\t\t\t\t<div class=\"elementor-container elementor-column-gap-default\">\n\t\t\t\t\t<div class=\"elementor-column elementor-col-100 elementor-top-column elementor-element elementor-element-3a597a42\" data-id=\"3a597a42\" data-element_type=\"column\" data-e-type=\"column\">\n\t\t\t<div class=\"elementor-widget-wrap elementor-element-populated\">\n\t\t\t\t\t\t<div class=\"elementor-element elementor-element-2fb47237 elementor-widget elementor-widget-text-editor\" data-id=\"2fb47237\" data-element_type=\"widget\" data-e-type=\"widget\" data-widget_type=\"text-editor.default\">\n\t\t\t\t<div class=\"elementor-widget-container\">\n\t\t\t\t\t\t\t\t\t\n<h2 class=\"wp-block-heading\">Blogg \/ artikler<\/h2>\n\n<p>Alle involverte i Empaziz er lidenskapelig opptatt av hvordan livsstilsendring kan bidra til \u00e5 \u00f8ke livskvalitet, og forebygge og behandle en rekke sykdommer og plager. En viktig del av livsstilsendring som helsestrategi er \u00e5 s\u00f8rge for at tiltak er minst mulig krevende, og gir mest mulig effekt for insatsen. For \u00e5 f\u00e5 til dette m\u00e5 tiltak i h\u00f8y grad v\u00e6re godt tilpassede individet og gi god effekt i et tverrfaglig perspektiv. I tillegg er vi opptatt av motivasjon og mestring som avgj\u00f8rende fundament for varig endring.\u00a0<\/p>\n<p>Fremover vil vi publisere en rekke aktuelle artikler innen en rekke fagomr\u00e5der som for eksempel s\u00f8vn, kosthold, trening og aktivitet.<\/p>\n<div  class=\"ultp-post-grid-block wp-block-ultimate-post-post-list-3 ultp-block-258237\"><div class=\"ultp-block-wrapper\"><div class=\"ultp-loading\"><div class=\"ultp-loading-blocks\" style=\"width:100%;height:100%;\"><div style=\"left: 0;top: 0;animation-delay:0s;\"><\/div><div style=\"left: 21px;top: 0;animation-delay:0.125s;\"><\/div><div style=\"left: 42px;top: 0;animation-delay:0.25s;\"><\/div><div style=\"left: 0;top: 21px;animation-delay:0.875s;\"><\/div><div style=\"left: 42px;top: 21px;animation-delay:0.375s;\"><\/div><div style=\"left: 0;top: 42px;animation-delay:0.75s;\"><\/div><div style=\"left: 42px;top: 42px;animation-delay:0.625s;\"><\/div><div style=\"left: 21px;top: 42px;animation-delay:0.5s;\"><\/div><\/div><\/div><div class=\"ultp-heading-filter\"><div class=\"ultp-heading-filter-in\"><div class=\"ultp-filter-navigation\"><div class=\"ultp-filter-wrap\" data-taxtype=\"category\" data-blockid=\"258237\" data-blockname=\"ultimate-post_post-list-3\" data-postid=\"268\"data-selfpostid=\"no\"><ul class=\"ultp-flex-menu\" data-name=\"More\"><li class=\"filter-item\"><a class=\"filter-active\" data-taxonomy=\"\" href=\"#\">all<\/a><\/li><li class=\"filter-item\"><a data-taxonomy=\"nutrition\" href=\"#\">Kosthold<\/a><\/li><li class=\"filter-item\"><a data-taxonomy=\"pain\" href=\"#\">Smerte<\/a><\/li><li class=\"filter-item\"><a data-taxonomy=\"routines\" href=\"#\">Routines<\/a><\/li><li class=\"filter-item\"><a data-taxonomy=\"sleep\" href=\"#\">S\u00f8vn<\/a><\/li><li class=\"filter-item\"><a data-taxonomy=\"training\" href=\"#\">Training<\/a><\/li><\/ul><\/div><\/div><\/div><\/div><div class=\"ultp-block-items-wrap ultp-block-row ultp-block-column-1 ultp-block-content-middle ultp-layout1\"><div class=\"ultp-block-item ultp-block-media post-id-637\"><div class=\"ultp-block-content-wrap\"><div class=\"ultp-block-image ultp-block-image-none\"><a href=\"https:\/\/empaziz.com\/nb\/2022\/11\/22\/eira\/\" ><img decoding=\"async\"  src=\"https:\/\/empaziz.com\/wp-content\/plugins\/ultimate-post\/assets\/img\/ultp-fallback-img.png\" alt=\"dummy-img\" \/><\/a><\/div><div class=\"ultp-block-content\"><div class=\"ultp-category-grid ultp-category-classic ultp-category-aboveTitle\"><div class=\"ultp-category-in\"><a class=\"ultp-cat-uncategorized\" href=\"https:\/\/empaziz.com\/nb\/category\/uncategorized\/\"  >Uncategorized<\/a><\/div><\/div><div class=\"ultp-block-meta ultp-block-meta-dot ultp-block-meta-noIcon\"><span class=\"ultp-block-date ultp-block-meta-element\">nov 22, 2022<\/span><\/div><h3 class=\"ultp-block-title\"><a href=\"https:\/\/empaziz.com\/nb\/2022\/11\/22\/eira\/\" >EIRA acceleratorprogram, 2022<\/a><\/h3><div class=\"ultp-block-excerpt\"><p>F\u00e5tt st\u00f8tte, og er i gang med et akselerator-program gjennom EIRA<\/p>\n<\/div><div class=\"ultp-block-readmore\"><a aria-label=\"EIRA acceleratorprogram, 2022\" href=\"https:\/\/empaziz.com\/nb\/2022\/11\/22\/eira\/\" >Read More<\/a><\/div><\/div><\/div><\/div><div class=\"ultp-block-item ultp-block-media post-id-180\"><div class=\"ultp-block-content-wrap\"><div class=\"ultp-block-image ultp-block-image-none\"><a href=\"https:\/\/empaziz.com\/nb\/2022\/07\/20\/anaylse\/\" ><img decoding=\"async\"  src=\"https:\/\/empaziz.com\/wp-content\/plugins\/ultimate-post\/assets\/img\/ultp-fallback-img.png\" alt=\"dummy-img\" \/><\/a><\/div><div class=\"ultp-block-content\"><div class=\"ultp-category-grid ultp-category-classic ultp-category-aboveTitle\"><div class=\"ultp-category-in\"><a class=\"ultp-cat-uncategorized\" href=\"https:\/\/empaziz.com\/nb\/category\/uncategorized\/\"  >Uncategorized<\/a><\/div><\/div><div class=\"ultp-block-meta ultp-block-meta-dot ultp-block-meta-noIcon\"><span class=\"ultp-block-date ultp-block-meta-element\">jul 20, 2022<\/span><\/div><h3 class=\"ultp-block-title\"><a href=\"https:\/\/empaziz.com\/nb\/2022\/07\/20\/anaylse\/\" >Statistisk analyse fra Menon, 2022<\/a><\/h3><div class=\"ultp-block-excerpt\"><p>Prosjektst\u00f8tte levert av Menon p\u00e5 statistisk analyse (Norsk Helsekonsortium)<\/p>\n<\/div><div class=\"ultp-block-readmore\"><a aria-label=\"Statistisk analyse fra Menon, 2022\" href=\"https:\/\/empaziz.com\/nb\/2022\/07\/20\/anaylse\/\" >Read More<\/a><\/div><\/div><\/div><\/div><div class=\"ultp-block-item ultp-block-media post-id-178\"><div class=\"ultp-block-content-wrap\"><div class=\"ultp-block-image ultp-block-image-none\"><a href=\"https:\/\/empaziz.com\/nb\/2022\/07\/20\/opptak\/\" ><img decoding=\"async\"  src=\"https:\/\/empaziz.com\/wp-content\/plugins\/ultimate-post\/assets\/img\/ultp-fallback-img.png\" alt=\"dummy-img\" \/><\/a><\/div><div class=\"ultp-block-content\"><div class=\"ultp-category-grid ultp-category-classic ultp-category-aboveTitle\"><div class=\"ultp-category-in\"><a class=\"ultp-cat-uncategorized\" href=\"https:\/\/empaziz.com\/nb\/category\/uncategorized\/\"  >Uncategorized<\/a><\/div><\/div><div class=\"ultp-block-meta ultp-block-meta-dot ultp-block-meta-noIcon\"><span class=\"ultp-block-date ultp-block-meta-element\">jul 20, 2022<\/span><\/div><h3 class=\"ultp-block-title\"><a href=\"https:\/\/empaziz.com\/nb\/2022\/07\/20\/opptak\/\" >Opptak i innovasjonsinkubatorer, 2022<\/a><\/h3><div class=\"ultp-block-excerpt\"><p>Tatt opp i innovasjonsinkubatorene Aleap og Norwegian Smart Care Cluster (NSCC)<\/p>\n<\/div><div class=\"ultp-block-readmore\"><a aria-label=\"Opptak i innovasjonsinkubatorer, 2022\" href=\"https:\/\/empaziz.com\/nb\/2022\/07\/20\/opptak\/\" >Read More<\/a><\/div><\/div><\/div><\/div><div class=\"ultp-block-item ultp-block-media post-id-176\"><div class=\"ultp-block-content-wrap\"><div class=\"ultp-block-image ultp-block-image-none\"><a href=\"https:\/\/empaziz.com\/nb\/2022\/07\/20\/innovasjon\/\" ><img decoding=\"async\"  src=\"https:\/\/empaziz.com\/wp-content\/plugins\/ultimate-post\/assets\/img\/ultp-fallback-img.png\" alt=\"dummy-img\" \/><\/a><\/div><div class=\"ultp-block-content\"><div class=\"ultp-category-grid ultp-category-classic ultp-category-aboveTitle\"><div class=\"ultp-category-in\"><a class=\"ultp-cat-uncategorized\" href=\"https:\/\/empaziz.com\/nb\/category\/uncategorized\/\"  >Uncategorized<\/a><\/div><\/div><div class=\"ultp-block-meta ultp-block-meta-dot ultp-block-meta-noIcon\"><span class=\"ultp-block-date ultp-block-meta-element\">jul 20, 2022<\/span><\/div><h3 class=\"ultp-block-title\"><a href=\"https:\/\/empaziz.com\/nb\/2022\/07\/20\/innovasjon\/\" >Intensjonsavtaler, 2021<\/a><\/h3><div class=\"ultp-block-excerpt\"><p>Intensjonsavtaler er inng\u00e5tt med journalsystemet Healthsum, Sunnaas Sykehus, Beitost\u00f8len helsesportsenter, Landsforeningen for ryggmargskadde (LARS) og et knippe fastleger.<\/p>\n<\/div><div class=\"ultp-block-readmore\"><a aria-label=\"Intensjonsavtaler, 2021\" href=\"https:\/\/empaziz.com\/nb\/2022\/07\/20\/innovasjon\/\" >Read More<\/a><\/div><\/div><\/div><\/div><div class=\"ultp-block-item ultp-block-media post-id-174\"><div class=\"ultp-block-content-wrap\"><div class=\"ultp-block-image ultp-block-image-none\"><a href=\"https:\/\/empaziz.com\/nb\/2022\/07\/20\/forskning\/\" ><img decoding=\"async\"  src=\"https:\/\/empaziz.com\/wp-content\/plugins\/ultimate-post\/assets\/img\/ultp-fallback-img.png\" alt=\"dummy-img\" \/><\/a><\/div><div class=\"ultp-block-content\"><div class=\"ultp-category-grid ultp-category-classic ultp-category-aboveTitle\"><div class=\"ultp-category-in\"><a class=\"ultp-cat-uncategorized\" href=\"https:\/\/empaziz.com\/nb\/category\/uncategorized\/\"  >Uncategorized<\/a><\/div><\/div><div class=\"ultp-block-meta ultp-block-meta-dot ultp-block-meta-noIcon\"><span class=\"ultp-block-date ultp-block-meta-element\">jul 20, 2022<\/span><\/div><h3 class=\"ultp-block-title\"><a href=\"https:\/\/empaziz.com\/nb\/2022\/07\/20\/forskning\/\" >Forskningsprosjekt, 2020<\/a><\/h3><div class=\"ultp-block-excerpt\"><p>Innvilget st\u00f8tte fra Forskningsr\u00e5det for&nbsp; gjennomf\u00f8ring av et FoU prosjekt sammen med USN. I samme periode vant vi en&nbsp;utlysning fra DOGA som ble benyttet til \u00e5 utforme inkluderende design (Universell utforming).<\/p>\n<\/div><div class=\"ultp-block-readmore\"><a aria-label=\"Forskningsprosjekt, 2020\" href=\"https:\/\/empaziz.com\/nb\/2022\/07\/20\/forskning\/\" >Read More<\/a><\/div><\/div><\/div><\/div><\/div><div class=\"ultp-pagination-wrap ultp-pagination-ajax-action\" data-paged=\"1\" data-expost=\"\"  data-blockid=\"258237\" data-postid=\"268\" data-pages=\"2\" data-blockname=\"ultimate-post_post-list-3\" data-selfpostid=\"no\"><ul class=\"ultp-pagination\"><li class=\"ultp-prev-page-numbers\" style=\"display:none\"><a href=\"https:\/\/empaziz.com\/nb\/wp-json\/wp\/v2\/pages\/268\/\"><svg xmlns=\"http:\/\/www.w3.org\/2000\/svg\" fill=\"none\" viewbox=\"0 0 24 24\">\n  <path stroke=\"currentColor\" stroke-linecap=\"round\" stroke-linejoin=\"round\" stroke-width=\"1.5\" d=\"m15 18-6-6 6-6\"\/>\n<\/svg>\n Previous<\/a><\/li><li class=\"ultp-center-item pagination-active\" data-current=\"1\"><a href=\"https:\/\/empaziz.com\/nb\/wp-json\/wp\/v2\/pages\/268\/\">1<\/a><\/li><li class=\"ultp-center-item\" data-current=\"2\" ><a href=\"https:\/\/empaziz.com\/nb\/wp-json\/wp\/v2\/pages\/268\/page\/2\/\">2<\/a><\/li><li class=\"ultp-last-dot\" style=\"display:none\"><a href=\"#\">...<\/a><\/li><li class=\"ultp-next-page-numbers\"><a href=\"https:\/\/empaziz.com\/nb\/wp-json\/wp\/v2\/pages\/268\/page\/2\/\">Next<svg xmlns=\"http:\/\/www.w3.org\/2000\/svg\" fill=\"none\" viewbox=\"0 0 24 24\">\n  <path stroke=\"currentColor\" stroke-linecap=\"round\" stroke-linejoin=\"round\" stroke-width=\"1.5\" d=\"m9 18 6-6-6-6\"\/>\n<\/svg>\n<\/a><\/li><\/ul><\/div><\/div><div class=\"pagination-block-html\" aria-hidden=\"true\" style=\"display: none;\"><\/div><\/div>\t\t\t\t\t\t\t\t<\/div>\n\t\t\t\t<\/div>\n\t\t\t\t\t<\/div>\n\t\t<\/div>\n\t\t\t\t\t<\/div>\n\t\t<\/section>\n\t\t\t\t<\/div>","protected":false},"excerpt":{"rendered":"<p>Blogs Team Empaziz and its partners is all about lifestyle in the sense of what measures can help solve health problems, and at the same time attribute to increased wellbeing. This means that the measures and efforts needs to be as targeted and less complicated as humanly possible. Empaziz the link between health science and [&hellip;]<\/p>\n","protected":false},"author":1,"featured_media":0,"parent":0,"menu_order":0,"comment_status":"closed","ping_status":"closed","template":"","meta":{"site-sidebar-layout":"default","site-content-layout":"","ast-site-content-layout":"","site-content-style":"default","site-sidebar-style":"default","ast-global-header-display":"","ast-banner-title-visibility":"","ast-main-header-display":"","ast-hfb-above-header-display":"","ast-hfb-below-header-display":"","ast-hfb-mobile-header-display":"","site-post-title":"disabled","ast-breadcrumbs-content":"","ast-featured-img":"","footer-sml-layout":"","theme-transparent-header-meta":"disabled","adv-header-id-meta":"","stick-header-meta":"","header-above-stick-meta":"","header-main-stick-meta":"","header-below-stick-meta":"","astra-migrate-meta-layouts":"default","ast-page-background-enabled":"default","ast-page-background-meta":{"desktop":{"background-color":"var(--ast-global-color-4)","background-image":"","background-repeat":"repeat","background-position":"center center","background-size":"auto","background-attachment":"scroll","background-type":"","background-media":"","overlay-type":"","overlay-color":"","overlay-opacity":"","overlay-gradient":""},"tablet":{"background-color":"","background-image":"","background-repeat":"repeat","background-position":"center center","background-size":"auto","background-attachment":"scroll","background-type":"","background-media":"","overlay-type":"","overlay-color":"","overlay-opacity":"","overlay-gradient":""},"mobile":{"background-color":"","background-image":"","background-repeat":"repeat","background-position":"center center","background-size":"auto","background-attachment":"scroll","background-type":"","background-media":"","overlay-type":"","overlay-color":"","overlay-opacity":"","overlay-gradient":""}},"ast-content-background-meta":{"desktop":{"background-color":"var(--ast-global-color-5)","background-image":"","background-repeat":"repeat","background-position":"center center","background-size":"auto","background-attachment":"scroll","background-type":"","background-media":"","overlay-type":"","overlay-color":"","overlay-opacity":"","overlay-gradient":""},"tablet":{"background-color":"var(--ast-global-color-5)","background-image":"","background-repeat":"repeat","background-position":"center center","background-size":"auto","background-attachment":"scroll","background-type":"","background-media":"","overlay-type":"","overlay-color":"","overlay-opacity":"","overlay-gradient":""},"mobile":{"background-color":"var(--ast-global-color-5)","background-image":"","background-repeat":"repeat","background-position":"center center","background-size":"auto","background-attachment":"scroll","background-type":"","background-media":"","overlay-type":"","overlay-color":"","overlay-opacity":"","overlay-gradient":""}},"footnotes":""},"class_list":["post-268","page","type-page","status-publish","hentry"],"_links":{"self":[{"href":"https:\/\/empaziz.com\/nb\/wp-json\/wp\/v2\/pages\/268","targetHints":{"allow":["GET"]}}],"collection":[{"href":"https:\/\/empaziz.com\/nb\/wp-json\/wp\/v2\/pages"}],"about":[{"href":"https:\/\/empaziz.com\/nb\/wp-json\/wp\/v2\/types\/page"}],"author":[{"embeddable":true,"href":"https:\/\/empaziz.com\/nb\/wp-json\/wp\/v2\/users\/1"}],"replies":[{"embeddable":true,"href":"https:\/\/empaziz.com\/nb\/wp-json\/wp\/v2\/comments?post=268"}],"version-history":[{"count":9,"href":"https:\/\/empaziz.com\/nb\/wp-json\/wp\/v2\/pages\/268\/revisions"}],"predecessor-version":[{"id":593,"href":"https:\/\/empaziz.com\/nb\/wp-json\/wp\/v2\/pages\/268\/revisions\/593"}],"wp:attachment":[{"href":"https:\/\/empaziz.com\/nb\/wp-json\/wp\/v2\/media?parent=268"}],"curies":[{"name":"wp","href":"https:\/\/api.w.org\/{rel}","templated":true}]}}